{"id":5275,"date":"2025-05-06T16:14:46","date_gmt":"2025-05-06T14:14:46","guid":{"rendered":"https:\/\/www.velfor.com\/oeko-innovation-gesundheit\/"},"modified":"2025-06-05T14:36:38","modified_gmt":"2025-06-05T12:36:38","slug":"oeko-innovation-gesundheit","status":"publish","type":"page","link":"https:\/\/www.velfor.com\/de\/oeko-innovation-gesundheit\/","title":{"rendered":"\u00d6ko-Innovation Gesundheit"},"content":{"rendered":"\t\t<div data-elementor-type=\"wp-page\" data-elementor-id=\"5275\" class=\"elementor elementor-5275 elementor-2637\" data-elementor-post-type=\"page\">\n\t\t\t\t<div class=\"elementor-element elementor-element-faf5d24 e-con-full bandeau e-flex e-con e-parent\" data-id=\"faf5d24\" data-element_type=\"container\">\n\t\t\t\t<div class=\"elementor-element elementor-element-3535c56 elementor-widget elementor-widget-image\" data-id=\"3535c56\" data-element_type=\"widget\" data-widget_type=\"image.default\">\n\t\t\t\t<div class=\"elementor-widget-container\">\n\t\t\t\t\t\t\t\t\t\t\t\t\t\t\t<img fetchpriority=\"high\" decoding=\"async\" width=\"640\" height=\"281\" src=\"https:\/\/www.velfor.care\/wp-content\/uploads\/2025\/02\/velfor-sante-1024x450.png\" class=\"attachment-large size-large wp-image-4398\" alt=\"\" srcset=\"https:\/\/www.velfor.care\/wp-content\/uploads\/2025\/02\/velfor-sante-1024x450.png 1024w, https:\/\/www.velfor.care\/wp-content\/uploads\/2025\/02\/velfor-sante-300x132.png 300w, https:\/\/www.velfor.care\/wp-content\/uploads\/2025\/02\/velfor-sante-768x338.png 768w, https:\/\/www.velfor.care\/wp-content\/uploads\/2025\/02\/velfor-sante-1536x675.png 1536w, https:\/\/www.velfor.care\/wp-content\/uploads\/2025\/02\/velfor-sante-2048x900.png 2048w\" sizes=\"(max-width: 640px) 100vw, 640px\" \/>\t\t\t\t\t\t\t\t\t\t\t\t\t\t\t<\/div>\n\t\t\t\t<\/div>\n\t\t<div class=\"elementor-element elementor-element-92ff60b e-transform e-flex e-con-boxed e-con e-child\" data-id=\"92ff60b\" data-element_type=\"container\" data-settings=\"{&quot;position&quot;:&quot;absolute&quot;,&quot;_transform_translateY_effect&quot;:{&quot;unit&quot;:&quot;%&quot;,&quot;size&quot;:50,&quot;sizes&quot;:[]},&quot;_transform_translateY_effect_tablet&quot;:{&quot;unit&quot;:&quot;%&quot;,&quot;size&quot;:0,&quot;sizes&quot;:[]},&quot;_transform_translateY_effect_mobile&quot;:{&quot;unit&quot;:&quot;%&quot;,&quot;size&quot;:&quot;&quot;,&quot;sizes&quot;:[]},&quot;_transform_translateX_effect&quot;:{&quot;unit&quot;:&quot;px&quot;,&quot;size&quot;:&quot;&quot;,&quot;sizes&quot;:[]},&quot;_transform_translateX_effect_tablet_extra&quot;:{&quot;unit&quot;:&quot;px&quot;,&quot;size&quot;:&quot;&quot;,&quot;sizes&quot;:[]},&quot;_transform_translateX_effect_tablet&quot;:{&quot;unit&quot;:&quot;px&quot;,&quot;size&quot;:&quot;&quot;,&quot;sizes&quot;:[]},&quot;_transform_translateX_effect_mobile&quot;:{&quot;unit&quot;:&quot;px&quot;,&quot;size&quot;:&quot;&quot;,&quot;sizes&quot;:[]},&quot;_transform_translateY_effect_tablet_extra&quot;:{&quot;unit&quot;:&quot;px&quot;,&quot;size&quot;:&quot;&quot;,&quot;sizes&quot;:[]}}\">\n\t\t\t\t\t<div class=\"e-con-inner\">\n\t\t\t\t<div class=\"elementor-element elementor-element-9972427 elementor-widget__width-initial elementor-widget elementor-widget-text-editor\" data-id=\"9972427\" data-element_type=\"widget\" data-widget_type=\"text-editor.default\">\n\t\t\t\t<div class=\"elementor-widget-container\">\n\t\t\t\t\t\t\t\t\t<h1><strong>\u00d6ko-Innovation<\/strong><\/h1>\t\t\t\t\t\t\t\t<\/div>\n\t\t\t\t<\/div>\n\t\t\t\t\t<\/div>\n\t\t\t\t<\/div>\n\t\t\t\t<\/div>\n\t\t<div class=\"elementor-element elementor-element-4e64c33 e-flex e-con-boxed e-con e-parent\" data-id=\"4e64c33\" data-element_type=\"container\">\n\t\t\t\t\t<div class=\"e-con-inner\">\n\t\t<div class=\"elementor-element elementor-element-6be4c4d e-con-full e-flex e-con e-child\" data-id=\"6be4c4d\" data-element_type=\"container\">\n\t\t<div class=\"elementor-element elementor-element-9de9ef7 e-con-full e-flex e-con e-child\" data-id=\"9de9ef7\" data-element_type=\"container\">\n\t\t\t\t<div class=\"elementor-element elementor-element-0259b3e txt-bleu elementor-widget elementor-widget-text-editor\" data-id=\"0259b3e\" data-element_type=\"widget\" data-widget_type=\"text-editor.default\">\n\t\t\t\t<div class=\"elementor-widget-container\">\n\t\t\t\t\t\t\t\t\t<h2><strong>Unsere ma\u00dfgeschneiderten L\u00f6sungen<\/strong><\/h2>\t\t\t\t\t\t\t\t<\/div>\n\t\t\t\t<\/div>\n\t\t\t\t<\/div>\n\t\t<div class=\"elementor-element elementor-element-8c93ac2 e-con-full e-flex e-con e-child\" data-id=\"8c93ac2\" data-element_type=\"container\">\n\t\t\t\t<div class=\"elementor-element elementor-element-11ac533 elementor-widget elementor-widget-text-editor\" data-id=\"11ac533\" data-element_type=\"widget\" data-widget_type=\"text-editor.default\">\n\t\t\t\t<div class=\"elementor-widget-container\">\n\t\t\t\t\t\t\t\t\t<p data-start=\"90\" data-end=\"382\"><strong data-start=\"90\" data-end=\"107\">Die Velfor Gruppe<\/strong> ist auf die Herstellung von <strong>ma\u00dfgeschneiderten<\/strong>, qualitativ hochwertigen <strong>Produkten<\/strong> f\u00fcr Fachleute im Gesundheitssektor spezialisiert. Wir entwickeln L\u00f6sungen, die den strengen Anforderungen des Gesundheitswesens gerecht werden, indem wir <strong>Sicherheit, Effizienz und die Einhaltung von Vorschriften<\/strong> garantieren. <\/p><p data-start=\"384\" data-end=\"632\">Wir achten streng auf jeden Schritt des Prozesses, vom Entwurf bis zur Lieferung, um zuverl\u00e4ssige Produkte anzubieten, die perfekt auf die Bed\u00fcrfnisse von Gesundheitseinrichtungen, Labors und medizinischem Fachpersonal zugeschnitten sind.<\/p>\t\t\t\t\t\t\t\t<\/div>\n\t\t\t\t<\/div>\n\t\t\t\t<\/div>\n\t\t\t\t<\/div>\n\t\t<div class=\"elementor-element elementor-element-601ceff e-flex e-con-boxed e-con e-child\" data-id=\"601ceff\" data-element_type=\"container\">\n\t\t\t\t\t<div class=\"e-con-inner\">\n\t\t<div class=\"elementor-element elementor-element-f22b4d0 e-con-full e-flex elementor-invisible e-con e-child\" data-id=\"f22b4d0\" data-element_type=\"container\" data-settings=\"{&quot;animation&quot;:&quot;fadeInRight&quot;,&quot;animation_tablet&quot;:&quot;none&quot;}\">\n\t\t\t\t<div class=\"elementor-element elementor-element-53c2a38 elementor-widget__width-inherit border-radius overflow box-shadow elementor-widget elementor-widget-image\" data-id=\"53c2a38\" data-element_type=\"widget\" data-widget_type=\"image.default\">\n\t\t\t\t<div class=\"elementor-widget-container\">\n\t\t\t\t\t\t\t\t\t\t\t\t\t\t\t<img decoding=\"async\" width=\"640\" height=\"402\" src=\"https:\/\/www.velfor.care\/wp-content\/uploads\/2025\/01\/recherche-developpement.png\" class=\"attachment-large size-large wp-image-4172\" alt=\"Recherche et d\u00e9veloppement\" srcset=\"https:\/\/www.velfor.care\/wp-content\/uploads\/2025\/01\/recherche-developpement.png 779w, https:\/\/www.velfor.care\/wp-content\/uploads\/2025\/01\/recherche-developpement-300x188.png 300w, https:\/\/www.velfor.care\/wp-content\/uploads\/2025\/01\/recherche-developpement-768x482.png 768w\" sizes=\"(max-width: 640px) 100vw, 640px\" \/>\t\t\t\t\t\t\t\t\t\t\t\t\t\t\t<\/div>\n\t\t\t\t<\/div>\n\t\t\t\t<div class=\"elementor-element elementor-element-98f3327 btn-primaire elementor-widget elementor-widget-button\" data-id=\"98f3327\" data-element_type=\"widget\" data-widget_type=\"button.default\">\n\t\t\t\t<div class=\"elementor-widget-container\">\n\t\t\t\t\t\t\t\t\t<div class=\"elementor-button-wrapper\">\n\t\t\t\t\t<a class=\"elementor-button elementor-button-link elementor-size-sm\" href=\"#\">\n\t\t\t\t\t\t<span class=\"elementor-button-content-wrapper\">\n\t\t\t\t\t\t\t\t\t<span class=\"elementor-button-text\">Forschung und Entwicklung<\/span>\n\t\t\t\t\t<\/span>\n\t\t\t\t\t<\/a>\n\t\t\t\t<\/div>\n\t\t\t\t\t\t\t\t<\/div>\n\t\t\t\t<\/div>\n\t\t\t\t<\/div>\n\t\t<div class=\"elementor-element elementor-element-0f23c58 e-con-full e-flex elementor-invisible e-con e-child\" data-id=\"0f23c58\" data-element_type=\"container\" data-settings=\"{&quot;animation&quot;:&quot;fadeInRight&quot;,&quot;animation_tablet&quot;:&quot;none&quot;,&quot;animation_delay&quot;:200}\">\n\t\t\t\t<div class=\"elementor-element elementor-element-1f9c3d1 elementor-widget__width-inherit border-radius overflow box-shadow elementor-widget elementor-widget-image\" data-id=\"1f9c3d1\" data-element_type=\"widget\" data-widget_type=\"image.default\">\n\t\t\t\t<div class=\"elementor-widget-container\">\n\t\t\t\t\t\t\t\t\t\t\t\t\t\t\t<img decoding=\"async\" width=\"640\" height=\"690\" src=\"https:\/\/www.velfor.care\/wp-content\/uploads\/2025\/02\/sante-design.png\" class=\"attachment-large size-large wp-image-4396\" alt=\"\" srcset=\"https:\/\/www.velfor.care\/wp-content\/uploads\/2025\/02\/sante-design.png 681w, https:\/\/www.velfor.care\/wp-content\/uploads\/2025\/02\/sante-design-278x300.png 278w\" sizes=\"(max-width: 640px) 100vw, 640px\" \/>\t\t\t\t\t\t\t\t\t\t\t\t\t\t\t<\/div>\n\t\t\t\t<\/div>\n\t\t\t\t<div class=\"elementor-element elementor-element-d6b7778 btn-primaire elementor-widget elementor-widget-button\" data-id=\"d6b7778\" data-element_type=\"widget\" data-widget_type=\"button.default\">\n\t\t\t\t<div class=\"elementor-widget-container\">\n\t\t\t\t\t\t\t\t\t<div class=\"elementor-button-wrapper\">\n\t\t\t\t\t<a class=\"elementor-button elementor-button-link elementor-size-sm\" href=\"#\">\n\t\t\t\t\t\t<span class=\"elementor-button-content-wrapper\">\n\t\t\t\t\t\t\t\t\t<span class=\"elementor-button-text\">Design<\/span>\n\t\t\t\t\t<\/span>\n\t\t\t\t\t<\/a>\n\t\t\t\t<\/div>\n\t\t\t\t\t\t\t\t<\/div>\n\t\t\t\t<\/div>\n\t\t\t\t<\/div>\n\t\t<div class=\"elementor-element elementor-element-1f3c49a e-con-full e-flex elementor-invisible e-con e-child\" data-id=\"1f3c49a\" data-element_type=\"container\" data-settings=\"{&quot;animation&quot;:&quot;fadeInRight&quot;,&quot;animation_tablet&quot;:&quot;none&quot;,&quot;animation_delay&quot;:400}\">\n\t\t\t\t<div class=\"elementor-element elementor-element-07c48b9 elementor-widget__width-inherit border-radius overflow box-shadow elementor-widget elementor-widget-image\" data-id=\"07c48b9\" data-element_type=\"widget\" data-widget_type=\"image.default\">\n\t\t\t\t<div class=\"elementor-widget-container\">\n\t\t\t\t\t\t\t\t\t\t\t\t\t\t\t<img loading=\"lazy\" decoding=\"async\" width=\"640\" height=\"690\" src=\"https:\/\/www.velfor.care\/wp-content\/uploads\/2025\/02\/differenciation-materiaux-sante.png\" class=\"attachment-large size-large wp-image-4394\" alt=\"\" srcset=\"https:\/\/www.velfor.care\/wp-content\/uploads\/2025\/02\/differenciation-materiaux-sante.png 681w, https:\/\/www.velfor.care\/wp-content\/uploads\/2025\/02\/differenciation-materiaux-sante-278x300.png 278w\" sizes=\"(max-width: 640px) 100vw, 640px\" \/>\t\t\t\t\t\t\t\t\t\t\t\t\t\t\t<\/div>\n\t\t\t\t<\/div>\n\t\t\t\t<div class=\"elementor-element elementor-element-5460ba9 btn-primaire elementor-widget elementor-widget-button\" data-id=\"5460ba9\" data-element_type=\"widget\" data-widget_type=\"button.default\">\n\t\t\t\t<div class=\"elementor-widget-container\">\n\t\t\t\t\t\t\t\t\t<div class=\"elementor-button-wrapper\">\n\t\t\t\t\t<a class=\"elementor-button elementor-button-link elementor-size-sm\" href=\"#\">\n\t\t\t\t\t\t<span class=\"elementor-button-content-wrapper\">\n\t\t\t\t\t\t\t\t\t<span class=\"elementor-button-text\">\u00d6ko-Design<\/span>\n\t\t\t\t\t<\/span>\n\t\t\t\t\t<\/a>\n\t\t\t\t<\/div>\n\t\t\t\t\t\t\t\t<\/div>\n\t\t\t\t<\/div>\n\t\t\t\t<\/div>\n\t\t\t\t\t<\/div>\n\t\t\t\t<\/div>\n\t\t\t\t\t<\/div>\n\t\t\t\t<\/div>\n\t\t\t\t<\/div>\n\t\t","protected":false},"excerpt":{"rendered":"<p>\u00d6ko-Innovation Unsere ma\u00dfgeschneiderten L\u00f6sungen Die Velfor Gruppe ist auf die Herstellung von ma\u00dfgeschneiderten, qualitativ hochwertigen Produkten f\u00fcr Fachleute im Gesundheitssektor spezialisiert. Wir entwickeln L\u00f6sungen, die den strengen Anforderungen des Gesundheitswesens gerecht werden, indem wir Sicherheit, Effizienz und die Einhaltung von Vorschriften garantieren. Wir achten streng auf jeden Schritt des Prozesses, vom Entwurf bis zur Lieferung, [&hellip;]<\/p>\n","protected":false},"author":1,"featured_media":0,"parent":0,"menu_order":94,"comment_status":"closed","ping_status":"closed","template":"elementor_header_footer","meta":{"_acf_changed":false,"footnotes":""},"categories-metier":[4],"class_list":["post-5275","page","type-page","status-publish","hentry","categories-metier-sante"],"acf":[],"yoast_head":"<!-- This site is optimized with the Yoast SEO Premium plugin v25.2 (Yoast SEO v25.2) - https:\/\/yoast.com\/wordpress\/plugins\/seo\/ -->\n<title>Velfor - \u00d6ko-Innovation im Gesundheitswesen: nachhaltige medizinische Verpackungen<\/title>\n<meta name=\"description\" content=\"Entdecken Sie die \u00d6ko-Innovation nachhaltige medizinische Verpackung f\u00fcr ma\u00dfgeschneiderte L\u00f6sungen im Gesundheitswesen, die Sicherheit und Effizienz vereinen.\" \/>\n<meta name=\"robots\" content=\"index, follow, max-snippet:-1, max-image-preview:large, max-video-preview:-1\" \/>\n<link rel=\"canonical\" href=\"https:\/\/www.velfor.com\/de\/oeko-innovation-gesundheit\/\" \/>\n<meta property=\"og:locale\" content=\"de_DE\" \/>\n<meta property=\"og:type\" content=\"article\" \/>\n<meta property=\"og:title\" content=\"\u00d6ko-Innovation Gesundheit\" \/>\n<meta property=\"og:description\" content=\"Entdecken Sie die \u00d6ko-Innovation nachhaltige medizinische Verpackung f\u00fcr ma\u00dfgeschneiderte L\u00f6sungen im Gesundheitswesen, die Sicherheit und Effizienz vereinen.\" \/>\n<meta property=\"og:url\" content=\"https:\/\/www.velfor.com\/de\/oeko-innovation-gesundheit\/\" \/>\n<meta property=\"og:site_name\" content=\"Velfor\" \/>\n<meta property=\"article:modified_time\" content=\"2025-06-05T12:36:38+00:00\" \/>\n<meta property=\"og:image\" content=\"https:\/\/www.velfor.com\/wp-content\/uploads\/2025\/02\/velfor-sante-1024x450.png\" \/>\n\t<meta property=\"og:image:width\" content=\"1024\" \/>\n\t<meta property=\"og:image:height\" content=\"450\" \/>\n\t<meta property=\"og:image:type\" content=\"image\/png\" \/>\n<meta name=\"twitter:card\" content=\"summary_large_image\" \/>\n<script type=\"application\/ld+json\" class=\"yoast-schema-graph\">{\"@context\":\"https:\/\/schema.org\",\"@graph\":[{\"@type\":\"WebPage\",\"@id\":\"https:\/\/www.velfor.com\/de\/oeko-innovation-gesundheit\/\",\"url\":\"https:\/\/www.velfor.com\/de\/oeko-innovation-gesundheit\/\",\"name\":\"Velfor - \u00d6ko-Innovation im Gesundheitswesen: nachhaltige medizinische Verpackungen\",\"isPartOf\":{\"@id\":\"https:\/\/www.velfor.com\/de\/#website\"},\"primaryImageOfPage\":{\"@id\":\"https:\/\/www.velfor.com\/de\/oeko-innovation-gesundheit\/#primaryimage\"},\"image\":{\"@id\":\"https:\/\/www.velfor.com\/de\/oeko-innovation-gesundheit\/#primaryimage\"},\"thumbnailUrl\":\"https:\/\/www.velfor.com\/wp-content\/uploads\/2025\/02\/velfor-sante-1024x450.png\",\"datePublished\":\"2025-05-06T14:14:46+00:00\",\"dateModified\":\"2025-06-05T12:36:38+00:00\",\"description\":\"Entdecken Sie die \u00d6ko-Innovation nachhaltige medizinische Verpackung f\u00fcr ma\u00dfgeschneiderte L\u00f6sungen im Gesundheitswesen, die Sicherheit und Effizienz vereinen.\",\"breadcrumb\":{\"@id\":\"https:\/\/www.velfor.com\/de\/oeko-innovation-gesundheit\/#breadcrumb\"},\"inLanguage\":\"de\",\"potentialAction\":[{\"@type\":\"ReadAction\",\"target\":[\"https:\/\/www.velfor.com\/de\/oeko-innovation-gesundheit\/\"]}]},{\"@type\":\"ImageObject\",\"inLanguage\":\"de\",\"@id\":\"https:\/\/www.velfor.com\/de\/oeko-innovation-gesundheit\/#primaryimage\",\"url\":\"https:\/\/www.velfor.com\/wp-content\/uploads\/2025\/02\/velfor-sante-1024x450.png\",\"contentUrl\":\"https:\/\/www.velfor.com\/wp-content\/uploads\/2025\/02\/velfor-sante-1024x450.png\"},{\"@type\":\"BreadcrumbList\",\"@id\":\"https:\/\/www.velfor.com\/de\/oeko-innovation-gesundheit\/#breadcrumb\",\"itemListElement\":[{\"@type\":\"ListItem\",\"position\":1,\"name\":\"Accueil\",\"item\":\"https:\/\/www.velfor.com\/de\/startseite\/\"},{\"@type\":\"ListItem\",\"position\":2,\"name\":\"\u00d6ko-Innovation Gesundheit\"}]},{\"@type\":\"WebSite\",\"@id\":\"https:\/\/www.velfor.com\/de\/#website\",\"url\":\"https:\/\/www.velfor.com\/de\/\",\"name\":\"Velfor\",\"description\":\"Le Groupe Velfor, votre partenaire privil\u00e9gi\u00e9 pour des solutions durables et innovantes\",\"publisher\":{\"@id\":\"https:\/\/www.velfor.com\/de\/#organization\"},\"potentialAction\":[{\"@type\":\"SearchAction\",\"target\":{\"@type\":\"EntryPoint\",\"urlTemplate\":\"https:\/\/www.velfor.com\/de\/?s={search_term_string}\"},\"query-input\":{\"@type\":\"PropertyValueSpecification\",\"valueRequired\":true,\"valueName\":\"search_term_string\"}}],\"inLanguage\":\"de\"},{\"@type\":\"Organization\",\"@id\":\"https:\/\/www.velfor.com\/de\/#organization\",\"name\":\"Velfor\",\"url\":\"https:\/\/www.velfor.com\/de\/\",\"logo\":{\"@type\":\"ImageObject\",\"inLanguage\":\"de\",\"@id\":\"https:\/\/www.velfor.com\/de\/#\/schema\/logo\/image\/\",\"url\":\"https:\/\/www.velfor.com\/wp-content\/uploads\/2024\/12\/velfor-logo.svg\",\"contentUrl\":\"https:\/\/www.velfor.com\/wp-content\/uploads\/2024\/12\/velfor-logo.svg\",\"width\":210,\"height\":44,\"caption\":\"Velfor\"},\"image\":{\"@id\":\"https:\/\/www.velfor.com\/de\/#\/schema\/logo\/image\/\"}}]}<\/script>\n<!-- \/ Yoast SEO Premium plugin. -->","yoast_head_json":{"title":"Velfor - \u00d6ko-Innovation im Gesundheitswesen: nachhaltige medizinische Verpackungen","description":"Entdecken Sie die \u00d6ko-Innovation nachhaltige medizinische Verpackung f\u00fcr ma\u00dfgeschneiderte L\u00f6sungen im Gesundheitswesen, die Sicherheit und Effizienz vereinen.","robots":{"index":"index","follow":"follow","max-snippet":"max-snippet:-1","max-image-preview":"max-image-preview:large","max-video-preview":"max-video-preview:-1"},"canonical":"https:\/\/www.velfor.com\/de\/oeko-innovation-gesundheit\/","og_locale":"de_DE","og_type":"article","og_title":"\u00d6ko-Innovation Gesundheit","og_description":"Entdecken Sie die \u00d6ko-Innovation nachhaltige medizinische Verpackung f\u00fcr ma\u00dfgeschneiderte L\u00f6sungen im Gesundheitswesen, die Sicherheit und Effizienz vereinen.","og_url":"https:\/\/www.velfor.com\/de\/oeko-innovation-gesundheit\/","og_site_name":"Velfor","article_modified_time":"2025-06-05T12:36:38+00:00","og_image":[{"width":1024,"height":450,"url":"https:\/\/www.velfor.com\/wp-content\/uploads\/2025\/02\/velfor-sante-1024x450.png","type":"image\/png"}],"twitter_card":"summary_large_image","schema":{"@context":"https:\/\/schema.org","@graph":[{"@type":"WebPage","@id":"https:\/\/www.velfor.com\/de\/oeko-innovation-gesundheit\/","url":"https:\/\/www.velfor.com\/de\/oeko-innovation-gesundheit\/","name":"Velfor - \u00d6ko-Innovation im Gesundheitswesen: nachhaltige medizinische Verpackungen","isPartOf":{"@id":"https:\/\/www.velfor.com\/de\/#website"},"primaryImageOfPage":{"@id":"https:\/\/www.velfor.com\/de\/oeko-innovation-gesundheit\/#primaryimage"},"image":{"@id":"https:\/\/www.velfor.com\/de\/oeko-innovation-gesundheit\/#primaryimage"},"thumbnailUrl":"https:\/\/www.velfor.com\/wp-content\/uploads\/2025\/02\/velfor-sante-1024x450.png","datePublished":"2025-05-06T14:14:46+00:00","dateModified":"2025-06-05T12:36:38+00:00","description":"Entdecken Sie die \u00d6ko-Innovation nachhaltige medizinische Verpackung f\u00fcr ma\u00dfgeschneiderte L\u00f6sungen im Gesundheitswesen, die Sicherheit und Effizienz vereinen.","breadcrumb":{"@id":"https:\/\/www.velfor.com\/de\/oeko-innovation-gesundheit\/#breadcrumb"},"inLanguage":"de","potentialAction":[{"@type":"ReadAction","target":["https:\/\/www.velfor.com\/de\/oeko-innovation-gesundheit\/"]}]},{"@type":"ImageObject","inLanguage":"de","@id":"https:\/\/www.velfor.com\/de\/oeko-innovation-gesundheit\/#primaryimage","url":"https:\/\/www.velfor.com\/wp-content\/uploads\/2025\/02\/velfor-sante-1024x450.png","contentUrl":"https:\/\/www.velfor.com\/wp-content\/uploads\/2025\/02\/velfor-sante-1024x450.png"},{"@type":"BreadcrumbList","@id":"https:\/\/www.velfor.com\/de\/oeko-innovation-gesundheit\/#breadcrumb","itemListElement":[{"@type":"ListItem","position":1,"name":"Accueil","item":"https:\/\/www.velfor.com\/de\/startseite\/"},{"@type":"ListItem","position":2,"name":"\u00d6ko-Innovation Gesundheit"}]},{"@type":"WebSite","@id":"https:\/\/www.velfor.com\/de\/#website","url":"https:\/\/www.velfor.com\/de\/","name":"Velfor","description":"Le Groupe Velfor, votre partenaire privil\u00e9gi\u00e9 pour des solutions durables et innovantes","publisher":{"@id":"https:\/\/www.velfor.com\/de\/#organization"},"potentialAction":[{"@type":"SearchAction","target":{"@type":"EntryPoint","urlTemplate":"https:\/\/www.velfor.com\/de\/?s={search_term_string}"},"query-input":{"@type":"PropertyValueSpecification","valueRequired":true,"valueName":"search_term_string"}}],"inLanguage":"de"},{"@type":"Organization","@id":"https:\/\/www.velfor.com\/de\/#organization","name":"Velfor","url":"https:\/\/www.velfor.com\/de\/","logo":{"@type":"ImageObject","inLanguage":"de","@id":"https:\/\/www.velfor.com\/de\/#\/schema\/logo\/image\/","url":"https:\/\/www.velfor.com\/wp-content\/uploads\/2024\/12\/velfor-logo.svg","contentUrl":"https:\/\/www.velfor.com\/wp-content\/uploads\/2024\/12\/velfor-logo.svg","width":210,"height":44,"caption":"Velfor"},"image":{"@id":"https:\/\/www.velfor.com\/de\/#\/schema\/logo\/image\/"}}]}},"_links":{"self":[{"href":"https:\/\/www.velfor.com\/de\/wp-json\/wp\/v2\/pages\/5275","targetHints":{"allow":["GET"]}}],"collection":[{"href":"https:\/\/www.velfor.com\/de\/wp-json\/wp\/v2\/pages"}],"about":[{"href":"https:\/\/www.velfor.com\/de\/wp-json\/wp\/v2\/types\/page"}],"author":[{"embeddable":true,"href":"https:\/\/www.velfor.com\/de\/wp-json\/wp\/v2\/users\/1"}],"replies":[{"embeddable":true,"href":"https:\/\/www.velfor.com\/de\/wp-json\/wp\/v2\/comments?post=5275"}],"version-history":[{"count":3,"href":"https:\/\/www.velfor.com\/de\/wp-json\/wp\/v2\/pages\/5275\/revisions"}],"predecessor-version":[{"id":5999,"href":"https:\/\/www.velfor.com\/de\/wp-json\/wp\/v2\/pages\/5275\/revisions\/5999"}],"wp:attachment":[{"href":"https:\/\/www.velfor.com\/de\/wp-json\/wp\/v2\/media?parent=5275"}],"wp:term":[{"taxonomy":"categories-metier","embeddable":true,"href":"https:\/\/www.velfor.com\/de\/wp-json\/wp\/v2\/categories-metier?post=5275"}],"curies":[{"name":"wp","href":"https:\/\/api.w.org\/{rel}","templated":true}]}}